{"id":2,"date":"2025-05-16T11:14:07","date_gmt":"2025-05-16T11:14:07","guid":{"rendered":"https:\/\/www.campingdelormeblanc.fr\/?page_id=2"},"modified":"2025-08-22T11:25:20","modified_gmt":"2025-08-22T09:25:20","slug":"sample-page","status":"publish","type":"page","link":"https:\/\/www.campingdelormeblanc.fr\/","title":{"rendered":"Accueil"},"content":{"rendered":"\t\t<div data-elementor-type=\"wp-page\" data-elementor-id=\"2\" class=\"elementor elementor-2\">\n\t\t\t\t<div class=\"elementor-element elementor-element-37e4530b e-flex e-con-boxed e-con e-parent\" data-id=\"37e4530b\" data-element_type=\"container\">\n\t\t\t\t\t<div class=\"e-con-inner\">\n\t\t\t\t<div class=\"elementor-element elementor-element-7eb6ed5d elementor-widget elementor-widget-text-editor\" data-id=\"7eb6ed5d\" data-element_type=\"widget\" data-widget_type=\"text-editor.default\">\n\t\t\t\t<div class=\"elementor-widget-container\">\n\t\t\t\t\t\t\t\t\t\n<h1 class=\"wp-block-heading has-text-align-center is-style-default has-x-large-font-size\">Bienvenue au camping de l&rsquo;orme blanc et son restaurant la paillote<\/h1>\n\n<p>\u00a0<\/p>\n\t\t\t\t\t\t\t\t<\/div>\n\t\t\t\t<\/div>\n\t\t\t\t\t<\/div>\n\t\t\t\t<\/div>\n\t\t<div class=\"elementor-element elementor-element-503c225 e-grid e-con-boxed e-con e-parent\" data-id=\"503c225\" data-element_type=\"container\">\n\t\t\t\t\t<div class=\"e-con-inner\">\n\t\t\t\t<div class=\"elementor-element elementor-element-12f675f elementor-invisible elementor-widget elementor-widget-image\" data-id=\"12f675f\" data-element_type=\"widget\" data-settings=\"{&quot;_animation&quot;:&quot;fadeInLeft&quot;}\" data-widget_type=\"image.default\">\n\t\t\t\t<div class=\"elementor-widget-container\">\n\t\t\t\t\t\t\t\t\t\t\t\t\t\t\t\t<a href=\"https:\/\/www.campingdelormeblanc.fr\/?page_id=34\">\n\t\t\t\t\t\t\t<img fetchpriority=\"high\" decoding=\"async\" width=\"421\" height=\"294\" src=\"https:\/\/www.campingdelormeblanc.fr\/wp-content\/uploads\/2025\/05\/logo-camping.jpg\" class=\"attachment-large size-large wp-image-10\" alt=\"\" srcset=\"https:\/\/www.campingdelormeblanc.fr\/wp-content\/uploads\/2025\/05\/logo-camping.jpg 421w, https:\/\/www.campingdelormeblanc.fr\/wp-content\/uploads\/2025\/05\/logo-camping-300x210.jpg 300w\" sizes=\"(max-width: 421px) 100vw, 421px\" \/>\t\t\t\t\t\t\t\t<\/a>\n\t\t\t\t\t\t\t\t\t\t\t\t\t\t\t<\/div>\n\t\t\t\t<\/div>\n\t\t\t\t<div class=\"elementor-element elementor-element-5c73d7e elementor-invisible elementor-widget elementor-widget-image\" data-id=\"5c73d7e\" data-element_type=\"widget\" data-settings=\"{&quot;_animation&quot;:&quot;fadeInRight&quot;}\" data-widget_type=\"image.default\">\n\t\t\t\t<div class=\"elementor-widget-container\">\n\t\t\t\t\t\t\t\t\t\t\t\t\t\t\t\t<a href=\"https:\/\/www.campingdelormeblanc.fr\/?page_id=48\">\n\t\t\t\t\t\t\t<img decoding=\"async\" width=\"919\" height=\"714\" src=\"https:\/\/www.campingdelormeblanc.fr\/wp-content\/uploads\/2025\/05\/LOGO-Paillote.png\" class=\"attachment-large size-large wp-image-11\" alt=\"\" srcset=\"https:\/\/www.campingdelormeblanc.fr\/wp-content\/uploads\/2025\/05\/LOGO-Paillote.png 919w, https:\/\/www.campingdelormeblanc.fr\/wp-content\/uploads\/2025\/05\/LOGO-Paillote-300x233.png 300w, https:\/\/www.campingdelormeblanc.fr\/wp-content\/uploads\/2025\/05\/LOGO-Paillote-768x597.png 768w\" sizes=\"(max-width: 919px) 100vw, 919px\" \/>\t\t\t\t\t\t\t\t<\/a>\n\t\t\t\t\t\t\t\t\t\t\t\t\t\t\t<\/div>\n\t\t\t\t<\/div>\n\t\t\t\t\t<\/div>\n\t\t\t\t<\/div>\n\t\t<div class=\"elementor-element elementor-element-f7faf40 e-grid e-con-boxed e-con e-parent\" data-id=\"f7faf40\" data-element_type=\"container\">\n\t\t\t\t\t<div class=\"e-con-inner\">\n\t\t\t\t<div class=\"elementor-element elementor-element-e42f2af elementor-widget elementor-widget-text-editor\" data-id=\"e42f2af\" data-element_type=\"widget\" data-widget_type=\"text-editor.default\">\n\t\t\t\t<div class=\"elementor-widget-container\">\n\t\t\t\t\t\t\t\t\t<p>Situ\u00e9 dans la r\u00e9gion Toulousaine, \u00e0 30 minutes aux portes de Toulouse et de Revel, notre camping vous accueille.<\/p>\t\t\t\t\t\t\t\t<\/div>\n\t\t\t\t<\/div>\n\t\t\t\t<div class=\"elementor-element elementor-element-40725e7 elementor-widget elementor-widget-google_maps\" data-id=\"40725e7\" data-element_type=\"widget\" data-widget_type=\"google_maps.default\">\n\t\t\t\t<div class=\"elementor-widget-container\">\n\t\t\t\t\t\t\t<div class=\"elementor-custom-embed\">\n\t\t\t<iframe loading=\"lazy\"\n\t\t\t\t\tsrc=\"https:\/\/maps.google.com\/maps?q=camping%20de%20l%27orme%20blanc&#038;t=m&#038;z=10&#038;output=embed&#038;iwloc=near\"\n\t\t\t\t\ttitle=\"camping de l&#039;orme blanc\"\n\t\t\t\t\taria-label=\"camping de l&#039;orme blanc\"\n\t\t\t><\/iframe>\n\t\t<\/div>\n\t\t\t\t\t\t<\/div>\n\t\t\t\t<\/div>\n\t\t\t\t\t<\/div>\n\t\t\t\t<\/div>\n\t\t<div class=\"elementor-element elementor-element-d6dac94 e-grid e-con-boxed e-con e-parent\" data-id=\"d6dac94\" data-element_type=\"container\">\n\t\t\t\t\t<div class=\"e-con-inner\">\n\t\t\t\t<div class=\"elementor-element elementor-element-427ba64 elementor-widget elementor-widget-text-editor\" data-id=\"427ba64\" data-element_type=\"widget\" data-widget_type=\"text-editor.default\">\n\t\t\t\t<div class=\"elementor-widget-container\">\n\t\t\t\t\t\t\t\t\t<p>camping de caraman<br \/>Camping de caraman <br \/>Camping de Carman <br \/>Camping municpale caraman<\/p>\t\t\t\t\t\t\t\t<\/div>\n\t\t\t\t<\/div>\n\t\t\t\t<div class=\"elementor-element elementor-element-942fc32 elementor-widget elementor-widget-text-editor\" data-id=\"942fc32\" data-element_type=\"widget\" data-widget_type=\"text-editor.default\">\n\t\t\t\t<div class=\"elementor-widget-container\">\n\t\t\t\t\t\t\t\t\t<p>camping de l&rsquo;orme blanc<br \/>camping de l&rsquo;Orme blanc<br \/>camping orme blanc<br \/>caraman camping<\/p>\n<p>restaurant caraman<\/p>\t\t\t\t\t\t\t\t<\/div>\n\t\t\t\t<\/div>\n\t\t\t\t<div class=\"elementor-element elementor-element-dd49b1a elementor-widget elementor-widget-text-editor\" data-id=\"dd49b1a\" data-element_type=\"widget\" data-widget_type=\"text-editor.default\">\n\t\t\t\t<div class=\"elementor-widget-container\">\n\t\t\t\t\t\t\t\t\t<p>paillotte de l&rsquo;orme blanc&lt;br&gt;<br \/>Paillotte de l&rsquo;Orme blanc&lt;br&gt;<br \/>paillotte orme blanc&lt;br&gt;<br \/>caraman paillotte&lt;br&gt;<\/p>\t\t\t\t\t\t\t\t<\/div>\n\t\t\t\t<\/div>\n\t\t\t\t\t<\/div>\n\t\t\t\t<\/div>\n\t\t\t\t<\/div>\n\t\t","protected":false},"excerpt":{"rendered":"<p>Bienvenue au camping de l&rsquo;orme blanc et son restaurant la paillote \u00a0 Situ\u00e9 dans la r\u00e9gion Toulousaine, \u00e0 30 minutes aux portes de Toulouse et de Revel, notre camping vous accueille. camping de caramanCamping de caraman Camping de Carman Camping municpale caraman camping de l&rsquo;orme blanccamping de l&rsquo;Orme blanccamping orme blanccaraman camping restaurant caraman paillotte [&hellip;]<\/p>\n","protected":false},"author":1,"featured_media":0,"parent":0,"menu_order":0,"comment_status":"closed","ping_status":"closed","template":"elementor_theme","meta":{"footnotes":""},"class_list":["post-2","page","type-page","status-publish","hentry"],"_links":{"self":[{"href":"https:\/\/www.campingdelormeblanc.fr\/index.php?rest_route=\/wp\/v2\/pages\/2","targetHints":{"allow":["GET"]}}],"collection":[{"href":"https:\/\/www.campingdelormeblanc.fr\/index.php?rest_route=\/wp\/v2\/pages"}],"about":[{"href":"https:\/\/www.campingdelormeblanc.fr\/index.php?rest_route=\/wp\/v2\/types\/page"}],"author":[{"embeddable":true,"href":"https:\/\/www.campingdelormeblanc.fr\/index.php?rest_route=\/wp\/v2\/users\/1"}],"replies":[{"embeddable":true,"href":"https:\/\/www.campingdelormeblanc.fr\/index.php?rest_route=%2Fwp%2Fv2%2Fcomments&post=2"}],"version-history":[{"count":88,"href":"https:\/\/www.campingdelormeblanc.fr\/index.php?rest_route=\/wp\/v2\/pages\/2\/revisions"}],"predecessor-version":[{"id":541,"href":"https:\/\/www.campingdelormeblanc.fr\/index.php?rest_route=\/wp\/v2\/pages\/2\/revisions\/541"}],"wp:attachment":[{"href":"https:\/\/www.campingdelormeblanc.fr\/index.php?rest_route=%2Fwp%2Fv2%2Fmedia&parent=2"}],"curies":[{"name":"wp","href":"https:\/\/api.w.org\/{rel}","templated":true}]}}